{"id":749,"date":"2024-02-14T16:54:12","date_gmt":"2024-02-14T15:54:12","guid":{"rendered":"https:\/\/classicparts.home.pl\/autoinstalator\/wordpresswoocommerce\/?post_type=product&#038;p=749"},"modified":"2024-03-29T08:41:55","modified_gmt":"2024-03-29T07:41:55","slug":"daimler-ds-420-landaulette","status":"publish","type":"product","link":"https:\/\/classicmotors.pl\/en\/product\/daimler-ds-420-landaulette\/","title":{"rendered":"Daimler DS 420 Landaulette"},"content":{"rendered":"<p>Classic Motors offers a Daimler vehicle, specifically the DS 420 Landaulette model. This car was produced in just under 5,000 units. It is powered by a 4.2-liter Jaguar engine, paired with a 3-speed automatic transmission driving the rear axle. These vehicles were used by heads of state in many countries around the world and were particularly favored by the British Royal Family.\n\nThe model we offer is in excellent condition and boasts a rich set of features including leather seats, alcantara headliner, wood trim, refrigerator, high-end audio system, opening rear body section, glass partition between seats, and more. The Daimler presents itself perfectly, offering exceptional comfort and a presence rarely seen on the roads. We invite you to come see it, take a test drive, and explore our other listings!<\/p>","protected":false},"excerpt":{"rendered":"<p>Firma Classic Motors oferuje pojazd marki Daimler, model DS 420 Landaulette. Samoch\u00f3d ten wyprodukowano w niespe\u0142na 5 tys. egzemplarzy. Pojazd nap\u0119dza silnik Jaguara o obj\u0119to\u015bci skokowej 4,2dm3, nap\u0119d przenoszony jest przez automatyczn\u0105 3-biegow\u0105 skrzyni\u0119 na tyln\u0105 o\u015b. Samochody te by\u0142y u\u017cywane przez g\u0142owy pa\u0144stw wielu kraj\u00f3w na \u015bwiecie, szczeg\u00f3lnie by\u0142y lubiane przez brytyjsk\u0105 Rodzin\u0119 Kr\u00f3lewsk\u0105. [&hellip;]<\/p>","protected":false},"featured_media":761,"comment_status":"open","ping_status":"closed","template":"","meta":[],"product_brand":[],"product_cat":[19],"product_tag":[],"class_list":{"0":"post-749","1":"product","2":"type-product","3":"status-publish","4":"has-post-thumbnail","6":"product_cat-altualna-oferta","8":"first","9":"instock","10":"shipping-taxable","11":"purchasable","12":"product-type-simple"},"yoast_head":"<!-- This site is optimized with the Yoast SEO plugin v24.4 - https:\/\/yoast.com\/wordpress\/plugins\/seo\/ -->\n<title>Daimler DS 420 Landaulette - classicmotors.pl<\/title>\n<meta name=\"robots\" content=\"index, follow, max-snippet:-1, max-image-preview:large, max-video-preview:-1\" \/>\n<link rel=\"canonical\" href=\"http:\/\/classicmotors.pl\/en\/product\/daimler-ds-420-landaulette\/\" \/>\n<meta property=\"og:locale\" content=\"en_GB\" \/>\n<meta property=\"og:type\" content=\"article\" \/>\n<meta property=\"og:title\" content=\"Daimler DS 420 Landaulette - classicmotors.pl\" \/>\n<meta property=\"og:description\" content=\"Firma Classic Motors oferuje pojazd marki Daimler, model DS 420 Landaulette. Samoch\u00f3d ten wyprodukowano w niespe\u0142na 5 tys. egzemplarzy. Pojazd nap\u0119dza silnik Jaguara o obj\u0119to\u015bci skokowej 4,2dm3, nap\u0119d przenoszony jest przez automatyczn\u0105 3-biegow\u0105 skrzyni\u0119 na tyln\u0105 o\u015b. Samochody te by\u0142y u\u017cywane przez g\u0142owy pa\u0144stw wielu kraj\u00f3w na \u015bwiecie, szczeg\u00f3lnie by\u0142y lubiane przez brytyjsk\u0105 Rodzin\u0119 Kr\u00f3lewsk\u0105. [&hellip;]\" \/>\n<meta property=\"og:url\" content=\"http:\/\/classicmotors.pl\/en\/product\/daimler-ds-420-landaulette\/\" \/>\n<meta property=\"og:site_name\" content=\"classicmotors.pl\" \/>\n<meta property=\"article:modified_time\" content=\"2024-03-29T07:41:55+00:00\" \/>\n<meta property=\"og:image\" content=\"http:\/\/classicmotors.pl\/wp-content\/uploads\/2024\/02\/1-2.jpeg\" \/>\n\t<meta property=\"og:image:width\" content=\"2016\" \/>\n\t<meta property=\"og:image:height\" content=\"1512\" \/>\n\t<meta property=\"og:image:type\" content=\"image\/jpeg\" \/>\n<meta name=\"twitter:card\" content=\"summary_large_image\" \/>\n<meta name=\"twitter:label1\" content=\"Estimated reading time\" \/>\n\t<meta name=\"twitter:data1\" content=\"1 minute\" \/>\n<script type=\"application\/ld+json\" class=\"yoast-schema-graph\">{\"@context\":\"https:\/\/schema.org\",\"@graph\":[{\"@type\":\"WebPage\",\"@id\":\"http:\/\/classicmotors.pl\/en\/product\/daimler-ds-420-landaulette\/\",\"url\":\"http:\/\/classicmotors.pl\/en\/product\/daimler-ds-420-landaulette\/\",\"name\":\"Daimler DS 420 Landaulette - classicmotors.pl\",\"isPartOf\":{\"@id\":\"https:\/\/classicmotors.pl\/#website\"},\"primaryImageOfPage\":{\"@id\":\"http:\/\/classicmotors.pl\/en\/product\/daimler-ds-420-landaulette\/#primaryimage\"},\"image\":{\"@id\":\"http:\/\/classicmotors.pl\/en\/product\/daimler-ds-420-landaulette\/#primaryimage\"},\"thumbnailUrl\":\"https:\/\/classicmotors.pl\/wp-content\/uploads\/2024\/02\/1-2.jpeg\",\"datePublished\":\"2024-02-14T15:54:12+00:00\",\"dateModified\":\"2024-03-29T07:41:55+00:00\",\"breadcrumb\":{\"@id\":\"http:\/\/classicmotors.pl\/en\/product\/daimler-ds-420-landaulette\/#breadcrumb\"},\"inLanguage\":\"en-GB\",\"potentialAction\":[{\"@type\":\"ReadAction\",\"target\":[\"http:\/\/classicmotors.pl\/en\/product\/daimler-ds-420-landaulette\/\"]}]},{\"@type\":\"ImageObject\",\"inLanguage\":\"en-GB\",\"@id\":\"http:\/\/classicmotors.pl\/en\/product\/daimler-ds-420-landaulette\/#primaryimage\",\"url\":\"https:\/\/classicmotors.pl\/wp-content\/uploads\/2024\/02\/1-2.jpeg\",\"contentUrl\":\"https:\/\/classicmotors.pl\/wp-content\/uploads\/2024\/02\/1-2.jpeg\",\"width\":2016,\"height\":1512},{\"@type\":\"BreadcrumbList\",\"@id\":\"http:\/\/classicmotors.pl\/en\/product\/daimler-ds-420-landaulette\/#breadcrumb\",\"itemListElement\":[{\"@type\":\"ListItem\",\"position\":1,\"name\":\"Strona g\u0142\u00f3wna\",\"item\":\"https:\/\/classicmotors.pl\/\"},{\"@type\":\"ListItem\",\"position\":2,\"name\":\"Sklep\",\"item\":\"https:\/\/classicmotors.pl\/sklep\/\"},{\"@type\":\"ListItem\",\"position\":3,\"name\":\"Daimler DS 420 Landaulette\"}]},{\"@type\":\"WebSite\",\"@id\":\"https:\/\/classicmotors.pl\/#website\",\"url\":\"https:\/\/classicmotors.pl\/\",\"name\":\"classicmotors.pl\",\"description\":\"\",\"publisher\":{\"@id\":\"https:\/\/classicmotors.pl\/#organization\"},\"potentialAction\":[{\"@type\":\"SearchAction\",\"target\":{\"@type\":\"EntryPoint\",\"urlTemplate\":\"https:\/\/classicmotors.pl\/?s={search_term_string}\"},\"query-input\":{\"@type\":\"PropertyValueSpecification\",\"valueRequired\":true,\"valueName\":\"search_term_string\"}}],\"inLanguage\":\"en-GB\"},{\"@type\":\"Organization\",\"@id\":\"https:\/\/classicmotors.pl\/#organization\",\"name\":\"classicmotors.pl\",\"url\":\"https:\/\/classicmotors.pl\/\",\"logo\":{\"@type\":\"ImageObject\",\"inLanguage\":\"en-GB\",\"@id\":\"https:\/\/classicmotors.pl\/#\/schema\/logo\/image\/\",\"url\":\"https:\/\/classicmotors.pl\/wp-content\/uploads\/2024\/01\/Classic-motors-logo-header.png\",\"contentUrl\":\"https:\/\/classicmotors.pl\/wp-content\/uploads\/2024\/01\/Classic-motors-logo-header.png\",\"width\":1280,\"height\":720,\"caption\":\"classicmotors.pl\"},\"image\":{\"@id\":\"https:\/\/classicmotors.pl\/#\/schema\/logo\/image\/\"}}]}<\/script>\n<!-- \/ Yoast SEO plugin. -->","yoast_head_json":{"title":"Daimler DS 420 Landaulette - classicmotors.pl","robots":{"index":"index","follow":"follow","max-snippet":"max-snippet:-1","max-image-preview":"max-image-preview:large","max-video-preview":"max-video-preview:-1"},"canonical":"http:\/\/classicmotors.pl\/en\/product\/daimler-ds-420-landaulette\/","og_locale":"en_GB","og_type":"article","og_title":"Daimler DS 420 Landaulette - classicmotors.pl","og_description":"Firma Classic Motors oferuje pojazd marki Daimler, model DS 420 Landaulette. Samoch\u00f3d ten wyprodukowano w niespe\u0142na 5 tys. egzemplarzy. Pojazd nap\u0119dza silnik Jaguara o obj\u0119to\u015bci skokowej 4,2dm3, nap\u0119d przenoszony jest przez automatyczn\u0105 3-biegow\u0105 skrzyni\u0119 na tyln\u0105 o\u015b. Samochody te by\u0142y u\u017cywane przez g\u0142owy pa\u0144stw wielu kraj\u00f3w na \u015bwiecie, szczeg\u00f3lnie by\u0142y lubiane przez brytyjsk\u0105 Rodzin\u0119 Kr\u00f3lewsk\u0105. [&hellip;]","og_url":"http:\/\/classicmotors.pl\/en\/product\/daimler-ds-420-landaulette\/","og_site_name":"classicmotors.pl","article_modified_time":"2024-03-29T07:41:55+00:00","og_image":[{"width":2016,"height":1512,"url":"http:\/\/classicmotors.pl\/wp-content\/uploads\/2024\/02\/1-2.jpeg","type":"image\/jpeg"}],"twitter_card":"summary_large_image","twitter_misc":{"Estimated reading time":"1 minute"},"schema":{"@context":"https:\/\/schema.org","@graph":[{"@type":"WebPage","@id":"http:\/\/classicmotors.pl\/en\/product\/daimler-ds-420-landaulette\/","url":"http:\/\/classicmotors.pl\/en\/product\/daimler-ds-420-landaulette\/","name":"Daimler DS 420 Landaulette - classicmotors.pl","isPartOf":{"@id":"https:\/\/classicmotors.pl\/#website"},"primaryImageOfPage":{"@id":"http:\/\/classicmotors.pl\/en\/product\/daimler-ds-420-landaulette\/#primaryimage"},"image":{"@id":"http:\/\/classicmotors.pl\/en\/product\/daimler-ds-420-landaulette\/#primaryimage"},"thumbnailUrl":"https:\/\/classicmotors.pl\/wp-content\/uploads\/2024\/02\/1-2.jpeg","datePublished":"2024-02-14T15:54:12+00:00","dateModified":"2024-03-29T07:41:55+00:00","breadcrumb":{"@id":"http:\/\/classicmotors.pl\/en\/product\/daimler-ds-420-landaulette\/#breadcrumb"},"inLanguage":"en-GB","potentialAction":[{"@type":"ReadAction","target":["http:\/\/classicmotors.pl\/en\/product\/daimler-ds-420-landaulette\/"]}]},{"@type":"ImageObject","inLanguage":"en-GB","@id":"http:\/\/classicmotors.pl\/en\/product\/daimler-ds-420-landaulette\/#primaryimage","url":"https:\/\/classicmotors.pl\/wp-content\/uploads\/2024\/02\/1-2.jpeg","contentUrl":"https:\/\/classicmotors.pl\/wp-content\/uploads\/2024\/02\/1-2.jpeg","width":2016,"height":1512},{"@type":"BreadcrumbList","@id":"http:\/\/classicmotors.pl\/en\/product\/daimler-ds-420-landaulette\/#breadcrumb","itemListElement":[{"@type":"ListItem","position":1,"name":"Strona g\u0142\u00f3wna","item":"https:\/\/classicmotors.pl\/"},{"@type":"ListItem","position":2,"name":"Sklep","item":"https:\/\/classicmotors.pl\/sklep\/"},{"@type":"ListItem","position":3,"name":"Daimler DS 420 Landaulette"}]},{"@type":"WebSite","@id":"https:\/\/classicmotors.pl\/#website","url":"https:\/\/classicmotors.pl\/","name":"classicmotors.pl","description":"","publisher":{"@id":"https:\/\/classicmotors.pl\/#organization"},"potentialAction":[{"@type":"SearchAction","target":{"@type":"EntryPoint","urlTemplate":"https:\/\/classicmotors.pl\/?s={search_term_string}"},"query-input":{"@type":"PropertyValueSpecification","valueRequired":true,"valueName":"search_term_string"}}],"inLanguage":"en-GB"},{"@type":"Organization","@id":"https:\/\/classicmotors.pl\/#organization","name":"classicmotors.pl","url":"https:\/\/classicmotors.pl\/","logo":{"@type":"ImageObject","inLanguage":"en-GB","@id":"https:\/\/classicmotors.pl\/#\/schema\/logo\/image\/","url":"https:\/\/classicmotors.pl\/wp-content\/uploads\/2024\/01\/Classic-motors-logo-header.png","contentUrl":"https:\/\/classicmotors.pl\/wp-content\/uploads\/2024\/01\/Classic-motors-logo-header.png","width":1280,"height":720,"caption":"classicmotors.pl"},"image":{"@id":"https:\/\/classicmotors.pl\/#\/schema\/logo\/image\/"}}]}},"_links":{"self":[{"href":"https:\/\/classicmotors.pl\/en\/wp-json\/wp\/v2\/product\/749","targetHints":{"allow":["GET"]}}],"collection":[{"href":"https:\/\/classicmotors.pl\/en\/wp-json\/wp\/v2\/product"}],"about":[{"href":"https:\/\/classicmotors.pl\/en\/wp-json\/wp\/v2\/types\/product"}],"replies":[{"embeddable":true,"href":"https:\/\/classicmotors.pl\/en\/wp-json\/wp\/v2\/comments?post=749"}],"version-history":[{"count":1,"href":"https:\/\/classicmotors.pl\/en\/wp-json\/wp\/v2\/product\/749\/revisions"}],"predecessor-version":[{"id":763,"href":"https:\/\/classicmotors.pl\/en\/wp-json\/wp\/v2\/product\/749\/revisions\/763"}],"wp:featuredmedia":[{"embeddable":true,"href":"https:\/\/classicmotors.pl\/en\/wp-json\/wp\/v2\/media\/761"}],"wp:attachment":[{"href":"https:\/\/classicmotors.pl\/en\/wp-json\/wp\/v2\/media?parent=749"}],"wp:term":[{"taxonomy":"product_brand","embeddable":true,"href":"https:\/\/classicmotors.pl\/en\/wp-json\/wp\/v2\/product_brand?post=749"},{"taxonomy":"product_cat","embeddable":true,"href":"https:\/\/classicmotors.pl\/en\/wp-json\/wp\/v2\/product_cat?post=749"},{"taxonomy":"product_tag","embeddable":true,"href":"https:\/\/classicmotors.pl\/en\/wp-json\/wp\/v2\/product_tag?post=749"}],"curies":[{"name":"wp","href":"https:\/\/api.w.org\/{rel}","templated":true}]}}