{"id":725,"date":"2024-02-14T15:58:19","date_gmt":"2024-02-14T14:58:19","guid":{"rendered":"https:\/\/classicparts.home.pl\/autoinstalator\/wordpresswoocommerce\/?post_type=product&#038;p=725"},"modified":"2024-02-20T11:50:44","modified_gmt":"2024-02-20T10:50:44","slug":"mazda-mx-5","status":"publish","type":"product","link":"https:\/\/classicmotors.pl\/en\/product\/mazda-mx-5\/","title":{"rendered":"MAZDA MX-5"},"content":{"rendered":"<p>Najbardziej popularny roadster \u015bwiata \u2013 ten tytu\u0142 zobowi\u0105zuje. Mazda MX-5 zdoby\u0142a popularno\u015b\u0107 jako najlepiej prowadz\u0105ce si\u0119 ma\u0142e auto \u015bwiata i broni tego stanowiska do dzisiaj. Samoch\u00f3d by\u0142 produkowany od 1989 roku. W 1998 zosta\u0142a wprowadzona druga generacja, kt\u00f3ra przenios\u0142a model do nast\u0119pnego tysi\u0105clecia. W 2001 roku zaprezentowano unowocze\u015bnion\u0105 wersj\u0119. Pod mask\u0119 trafi\u0142 wzmocniony silnik o pojemno\u015bci 1.8, teraz wyposa\u017cony w system zmiennych faz rozrz\u0105du generowa\u0142 147 koni mechanicznych. W po\u0142\u0105czeniu z mechaniczn\u0105 szper\u0105 samoch\u00f3d stanowi\u0142 wyj\u0105tkowo udan\u0105 konstrukcj\u0119, kt\u00f3ra cieszy\u0142a swoich w\u0142a\u015bcicieli na ca\u0142ym \u015bwiecie.<\/p>\n<p>Mazda MX-5 oferowana przez Classic Motors opu\u015bci\u0142a fabryk\u0119 w Hiroszimie w 2002 roku. Pod mask\u0105 znajduje si\u0119 jednostka o kodowej nazwie BP-Z3. Oryginalnie auto trafi\u0142o na rynek niemiecki. Auto zosta\u0142o sprowadzone w 2020 roku do Polski. Zdecydowali\u015bmy si\u0119 podda\u0107 auto gruntownej naprawie blacharskiej. Ze wzgl\u0119du na bol\u0105czki modelu, ingerencji wymaga\u0142y pod\u0142u\u017cnice, ko\u0144c\u00f3wki prog\u00f3w oraz tylne b\u0142otniki. Specjali\u015bci\u00a0<a href=\"http:\/\/www.classicparts.pl\/\">Classic Parts Staniszewski<\/a>\u00a0zadbali o to, \u017ceby samoch\u00f3d prezentowa\u0142 si\u0119 bardzo dobrze. Przy okazji prac zosta\u0142a polakierowana r\u00f3wnie\u017c maska, kt\u00f3ra nosi\u0142a \u015blady eksploatacji i uderze\u0144 kamieni. Samoch\u00f3d zosta\u0142 przygotowany do d\u0142ugiej eksploatacji. Dzi\u0119ki naprawom blacharskim zosta\u0142y rozwi\u0105zane problemy, kt\u00f3re trapi\u0105 praktycznie ka\u017cdy egzemplarz MX-5. Od strony mechanicznej samoch\u00f3d jest w stanie bardzo dobrym. W silniku zosta\u0142y wymienione \u015bwiece. Jednostka nap\u0119dowa pracuje \u015bwietnie. Auto jest wyposa\u017cone w 5-biegow\u0105 skrzyni\u0119, kt\u00f3ra pracuje bez \u017cadnych problem\u00f3w. Zar\u00f3wno hamulce, jak i zawieszenie s\u0105 w stanie bardzo dobrym i nie wymagaj\u0105 ingerencji. Zosta\u0142y wymienione \u0142\u0105czniki stabilizator\u00f3w. Auto jest wyposa\u017cone w materia\u0142owy dach w bardzo dobrym stanie.<\/p>\n<p>Podsumowuj\u0105c, oferujemy samoch\u00f3d, kt\u00f3ry zosta\u0142 kompleksowo przygotowany od strony blacharskiej. Najwa\u017cniejsze problemy modelu zosta\u0142y rozwi\u0105zane. Tak przygotowana Mazda MX-5 potrafi da\u0107 wiele rado\u015bci kierowcy, bez konieczno\u015bci my\u015blenia o problemach zwi\u0105zanych z blachark\u0105.<\/p>","protected":false},"excerpt":{"rendered":"<p>Najbardziej popularny roadster \u015bwiata \u2013 ten tytu\u0142 zobowi\u0105zuje. Mazda MX-5 zdoby\u0142a popularno\u015b\u0107 jako najlepiej prowadz\u0105ce si\u0119 ma\u0142e auto \u015bwiata i broni tego stanowiska do dzisiaj. Samoch\u00f3d by\u0142 produkowany od 1989 roku. W 1998 zosta\u0142a wprowadzona druga generacja, kt\u00f3ra przenios\u0142a model do nast\u0119pnego tysi\u0105clecia. W 2001 roku zaprezentowano unowocze\u015bnion\u0105 wersj\u0119. Pod mask\u0119 trafi\u0142 wzmocniony silnik o [&hellip;]<\/p>","protected":false},"featured_media":726,"comment_status":"open","ping_status":"closed","template":"","meta":[],"product_brand":[],"product_cat":[20],"product_tag":[],"class_list":{"0":"post-725","1":"product","2":"type-product","3":"status-publish","4":"has-post-thumbnail","6":"product_cat-sprzedane","8":"first","9":"outofstock","10":"shipping-taxable","11":"product-type-simple"},"yoast_head":"<!-- This site is optimized with the Yoast SEO plugin v24.4 - https:\/\/yoast.com\/wordpress\/plugins\/seo\/ -->\n<title>MAZDA MX-5 - classicmotors.pl<\/title>\n<meta name=\"robots\" content=\"index, follow, max-snippet:-1, max-image-preview:large, max-video-preview:-1\" \/>\n<link rel=\"canonical\" href=\"http:\/\/classicmotors.pl\/en\/product\/mazda-mx-5\/\" \/>\n<meta property=\"og:locale\" content=\"en_GB\" \/>\n<meta property=\"og:type\" content=\"article\" \/>\n<meta property=\"og:title\" content=\"MAZDA MX-5 - classicmotors.pl\" \/>\n<meta property=\"og:description\" content=\"Najbardziej popularny roadster \u015bwiata \u2013 ten tytu\u0142 zobowi\u0105zuje. Mazda MX-5 zdoby\u0142a popularno\u015b\u0107 jako najlepiej prowadz\u0105ce si\u0119 ma\u0142e auto \u015bwiata i broni tego stanowiska do dzisiaj. Samoch\u00f3d by\u0142 produkowany od 1989 roku. W 1998 zosta\u0142a wprowadzona druga generacja, kt\u00f3ra przenios\u0142a model do nast\u0119pnego tysi\u0105clecia. W 2001 roku zaprezentowano unowocze\u015bnion\u0105 wersj\u0119. Pod mask\u0119 trafi\u0142 wzmocniony silnik o [&hellip;]\" \/>\n<meta property=\"og:url\" content=\"http:\/\/classicmotors.pl\/en\/product\/mazda-mx-5\/\" \/>\n<meta property=\"og:site_name\" content=\"classicmotors.pl\" \/>\n<meta property=\"article:modified_time\" content=\"2024-02-20T10:50:44+00:00\" \/>\n<meta property=\"og:image\" content=\"http:\/\/classicmotors.pl\/wp-content\/uploads\/2024\/02\/IMG_7489-1030x773-1.jpg\" \/>\n\t<meta property=\"og:image:width\" content=\"1030\" \/>\n\t<meta property=\"og:image:height\" content=\"773\" \/>\n\t<meta property=\"og:image:type\" content=\"image\/jpeg\" \/>\n<meta name=\"twitter:card\" content=\"summary_large_image\" \/>\n<meta name=\"twitter:label1\" content=\"Estimated reading time\" \/>\n\t<meta name=\"twitter:data1\" content=\"2 minutes\" \/>\n<script type=\"application\/ld+json\" class=\"yoast-schema-graph\">{\"@context\":\"https:\/\/schema.org\",\"@graph\":[{\"@type\":\"WebPage\",\"@id\":\"http:\/\/classicmotors.pl\/produkt\/mazda-mx-5\/\",\"url\":\"http:\/\/classicmotors.pl\/produkt\/mazda-mx-5\/\",\"name\":\"MAZDA MX-5 - classicmotors.pl\",\"isPartOf\":{\"@id\":\"https:\/\/classicmotors.pl\/#website\"},\"primaryImageOfPage\":{\"@id\":\"http:\/\/classicmotors.pl\/produkt\/mazda-mx-5\/#primaryimage\"},\"image\":{\"@id\":\"http:\/\/classicmotors.pl\/produkt\/mazda-mx-5\/#primaryimage\"},\"thumbnailUrl\":\"https:\/\/classicmotors.pl\/wp-content\/uploads\/2024\/02\/IMG_7489-1030x773-1.jpg\",\"datePublished\":\"2024-02-14T14:58:19+00:00\",\"dateModified\":\"2024-02-20T10:50:44+00:00\",\"breadcrumb\":{\"@id\":\"http:\/\/classicmotors.pl\/produkt\/mazda-mx-5\/#breadcrumb\"},\"inLanguage\":\"en-GB\",\"potentialAction\":[{\"@type\":\"ReadAction\",\"target\":[\"http:\/\/classicmotors.pl\/produkt\/mazda-mx-5\/\"]}]},{\"@type\":\"ImageObject\",\"inLanguage\":\"en-GB\",\"@id\":\"http:\/\/classicmotors.pl\/produkt\/mazda-mx-5\/#primaryimage\",\"url\":\"https:\/\/classicmotors.pl\/wp-content\/uploads\/2024\/02\/IMG_7489-1030x773-1.jpg\",\"contentUrl\":\"https:\/\/classicmotors.pl\/wp-content\/uploads\/2024\/02\/IMG_7489-1030x773-1.jpg\",\"width\":1030,\"height\":773},{\"@type\":\"BreadcrumbList\",\"@id\":\"http:\/\/classicmotors.pl\/produkt\/mazda-mx-5\/#breadcrumb\",\"itemListElement\":[{\"@type\":\"ListItem\",\"position\":1,\"name\":\"Strona g\u0142\u00f3wna\",\"item\":\"https:\/\/classicmotors.pl\/\"},{\"@type\":\"ListItem\",\"position\":2,\"name\":\"Sklep\",\"item\":\"https:\/\/classicmotors.pl\/sklep\/\"},{\"@type\":\"ListItem\",\"position\":3,\"name\":\"MAZDA MX-5\"}]},{\"@type\":\"WebSite\",\"@id\":\"https:\/\/classicmotors.pl\/#website\",\"url\":\"https:\/\/classicmotors.pl\/\",\"name\":\"classicmotors.pl\",\"description\":\"\",\"publisher\":{\"@id\":\"https:\/\/classicmotors.pl\/#organization\"},\"potentialAction\":[{\"@type\":\"SearchAction\",\"target\":{\"@type\":\"EntryPoint\",\"urlTemplate\":\"https:\/\/classicmotors.pl\/?s={search_term_string}\"},\"query-input\":{\"@type\":\"PropertyValueSpecification\",\"valueRequired\":true,\"valueName\":\"search_term_string\"}}],\"inLanguage\":\"en-GB\"},{\"@type\":\"Organization\",\"@id\":\"https:\/\/classicmotors.pl\/#organization\",\"name\":\"classicmotors.pl\",\"url\":\"https:\/\/classicmotors.pl\/\",\"logo\":{\"@type\":\"ImageObject\",\"inLanguage\":\"en-GB\",\"@id\":\"https:\/\/classicmotors.pl\/#\/schema\/logo\/image\/\",\"url\":\"https:\/\/classicmotors.pl\/wp-content\/uploads\/2024\/01\/Classic-motors-logo-header.png\",\"contentUrl\":\"https:\/\/classicmotors.pl\/wp-content\/uploads\/2024\/01\/Classic-motors-logo-header.png\",\"width\":1280,\"height\":720,\"caption\":\"classicmotors.pl\"},\"image\":{\"@id\":\"https:\/\/classicmotors.pl\/#\/schema\/logo\/image\/\"}}]}<\/script>\n<!-- \/ Yoast SEO plugin. -->","yoast_head_json":{"title":"MAZDA MX-5 - classicmotors.pl","robots":{"index":"index","follow":"follow","max-snippet":"max-snippet:-1","max-image-preview":"max-image-preview:large","max-video-preview":"max-video-preview:-1"},"canonical":"http:\/\/classicmotors.pl\/en\/product\/mazda-mx-5\/","og_locale":"en_GB","og_type":"article","og_title":"MAZDA MX-5 - classicmotors.pl","og_description":"Najbardziej popularny roadster \u015bwiata \u2013 ten tytu\u0142 zobowi\u0105zuje. Mazda MX-5 zdoby\u0142a popularno\u015b\u0107 jako najlepiej prowadz\u0105ce si\u0119 ma\u0142e auto \u015bwiata i broni tego stanowiska do dzisiaj. Samoch\u00f3d by\u0142 produkowany od 1989 roku. W 1998 zosta\u0142a wprowadzona druga generacja, kt\u00f3ra przenios\u0142a model do nast\u0119pnego tysi\u0105clecia. W 2001 roku zaprezentowano unowocze\u015bnion\u0105 wersj\u0119. Pod mask\u0119 trafi\u0142 wzmocniony silnik o [&hellip;]","og_url":"http:\/\/classicmotors.pl\/en\/product\/mazda-mx-5\/","og_site_name":"classicmotors.pl","article_modified_time":"2024-02-20T10:50:44+00:00","og_image":[{"width":1030,"height":773,"url":"http:\/\/classicmotors.pl\/wp-content\/uploads\/2024\/02\/IMG_7489-1030x773-1.jpg","type":"image\/jpeg"}],"twitter_card":"summary_large_image","twitter_misc":{"Estimated reading time":"2 minutes"},"schema":{"@context":"https:\/\/schema.org","@graph":[{"@type":"WebPage","@id":"http:\/\/classicmotors.pl\/produkt\/mazda-mx-5\/","url":"http:\/\/classicmotors.pl\/produkt\/mazda-mx-5\/","name":"MAZDA MX-5 - classicmotors.pl","isPartOf":{"@id":"https:\/\/classicmotors.pl\/#website"},"primaryImageOfPage":{"@id":"http:\/\/classicmotors.pl\/produkt\/mazda-mx-5\/#primaryimage"},"image":{"@id":"http:\/\/classicmotors.pl\/produkt\/mazda-mx-5\/#primaryimage"},"thumbnailUrl":"https:\/\/classicmotors.pl\/wp-content\/uploads\/2024\/02\/IMG_7489-1030x773-1.jpg","datePublished":"2024-02-14T14:58:19+00:00","dateModified":"2024-02-20T10:50:44+00:00","breadcrumb":{"@id":"http:\/\/classicmotors.pl\/produkt\/mazda-mx-5\/#breadcrumb"},"inLanguage":"en-GB","potentialAction":[{"@type":"ReadAction","target":["http:\/\/classicmotors.pl\/produkt\/mazda-mx-5\/"]}]},{"@type":"ImageObject","inLanguage":"en-GB","@id":"http:\/\/classicmotors.pl\/produkt\/mazda-mx-5\/#primaryimage","url":"https:\/\/classicmotors.pl\/wp-content\/uploads\/2024\/02\/IMG_7489-1030x773-1.jpg","contentUrl":"https:\/\/classicmotors.pl\/wp-content\/uploads\/2024\/02\/IMG_7489-1030x773-1.jpg","width":1030,"height":773},{"@type":"BreadcrumbList","@id":"http:\/\/classicmotors.pl\/produkt\/mazda-mx-5\/#breadcrumb","itemListElement":[{"@type":"ListItem","position":1,"name":"Strona g\u0142\u00f3wna","item":"https:\/\/classicmotors.pl\/"},{"@type":"ListItem","position":2,"name":"Sklep","item":"https:\/\/classicmotors.pl\/sklep\/"},{"@type":"ListItem","position":3,"name":"MAZDA MX-5"}]},{"@type":"WebSite","@id":"https:\/\/classicmotors.pl\/#website","url":"https:\/\/classicmotors.pl\/","name":"classicmotors.pl","description":"","publisher":{"@id":"https:\/\/classicmotors.pl\/#organization"},"potentialAction":[{"@type":"SearchAction","target":{"@type":"EntryPoint","urlTemplate":"https:\/\/classicmotors.pl\/?s={search_term_string}"},"query-input":{"@type":"PropertyValueSpecification","valueRequired":true,"valueName":"search_term_string"}}],"inLanguage":"en-GB"},{"@type":"Organization","@id":"https:\/\/classicmotors.pl\/#organization","name":"classicmotors.pl","url":"https:\/\/classicmotors.pl\/","logo":{"@type":"ImageObject","inLanguage":"en-GB","@id":"https:\/\/classicmotors.pl\/#\/schema\/logo\/image\/","url":"https:\/\/classicmotors.pl\/wp-content\/uploads\/2024\/01\/Classic-motors-logo-header.png","contentUrl":"https:\/\/classicmotors.pl\/wp-content\/uploads\/2024\/01\/Classic-motors-logo-header.png","width":1280,"height":720,"caption":"classicmotors.pl"},"image":{"@id":"https:\/\/classicmotors.pl\/#\/schema\/logo\/image\/"}}]}},"_links":{"self":[{"href":"https:\/\/classicmotors.pl\/en\/wp-json\/wp\/v2\/product\/725","targetHints":{"allow":["GET"]}}],"collection":[{"href":"https:\/\/classicmotors.pl\/en\/wp-json\/wp\/v2\/product"}],"about":[{"href":"https:\/\/classicmotors.pl\/en\/wp-json\/wp\/v2\/types\/product"}],"replies":[{"embeddable":true,"href":"https:\/\/classicmotors.pl\/en\/wp-json\/wp\/v2\/comments?post=725"}],"version-history":[{"count":0,"href":"https:\/\/classicmotors.pl\/en\/wp-json\/wp\/v2\/product\/725\/revisions"}],"wp:featuredmedia":[{"embeddable":true,"href":"https:\/\/classicmotors.pl\/en\/wp-json\/wp\/v2\/media\/726"}],"wp:attachment":[{"href":"https:\/\/classicmotors.pl\/en\/wp-json\/wp\/v2\/media?parent=725"}],"wp:term":[{"taxonomy":"product_brand","embeddable":true,"href":"https:\/\/classicmotors.pl\/en\/wp-json\/wp\/v2\/product_brand?post=725"},{"taxonomy":"product_cat","embeddable":true,"href":"https:\/\/classicmotors.pl\/en\/wp-json\/wp\/v2\/product_cat?post=725"},{"taxonomy":"product_tag","embeddable":true,"href":"https:\/\/classicmotors.pl\/en\/wp-json\/wp\/v2\/product_tag?post=725"}],"curies":[{"name":"wp","href":"https:\/\/api.w.org\/{rel}","templated":true}]}}