{"id":1215,"date":"2024-03-28T07:29:22","date_gmt":"2024-03-28T06:29:22","guid":{"rendered":"https:\/\/classicparts.home.pl\/autoinstalator\/wordpresswoocommerce\/?post_type=product&#038;p=1215"},"modified":"2024-04-06T12:39:45","modified_gmt":"2024-04-06T10:39:45","slug":"porsche-914","status":"publish","type":"product","link":"https:\/\/classicmotors.pl\/en\/product\/porsche-914\/","title":{"rendered":"PORSCHE 914"},"content":{"rendered":"<p>The Porsche 914 is currently one of the best investments in the world of classic cars. Despite being overlooked and undervalued by collectors for many years, this model is rapidly increasing in value. Models with a 2.0-liter engine are particularly in high demand, and the car offered by Classic Motors is equipped with this engine.\n\nProduced in 1974 and originally sold in the American market, this car was later imported to Poland a few years ago and comprehensively restored by a workshop in Warsaw specializing in this model. Since then, the car has been driven for two summer seasons. It is currently in excellent condition and suitable for trouble-free use.\n\nThe factory fuel injection system has been replaced with new Weber carburetors, allowing the engine to run smoothly and achieve power close to the original specifications. The car has also been fitted with a complete set of new Koni shock absorbers.<\/p>\n<p><strong>Bodywork:<\/strong><\/p>\n<p>The car underwent comprehensive bodywork repairs, addressing rust issues, particularly on one of the sills, before which it required attention. Today, it presents itself in perfect condition.<\/p>\n<p><strong>Paint:\u00a0<\/strong><\/p>\n<p>The paintwork was professionally done and does not require any cosmetic work. It is in excellent condition, showcasing a high-quality finish.<\/p>\n<p><strong>Engine and gearbox:<\/strong><\/p>\n<p>The engine is in very good condition, running smoothly and without any issues. The gearbox operates smoothly without any grinding or unusual noises.<\/p>\n<p><strong>Suspension and brakes:<\/strong><\/p>\n<p>The suspension and brakes can be described as very good, in a condition close to factory standards.<\/p>\n<p><strong>Interior:<\/strong><\/p>\n<p>The interior retains its original character, with the only deviations from factory specifications being the dashboard wrapped in black leather (original dashboards were prone to cracking) and the steering wheel replaced with a classic Momo Prototipo model (the original steering wheel is included with the car). The interior is in perfect condition. The car is equipped with its original radio.<\/p>\n<p>In summary, the Porsche offered by Classic Motors is an excellent example that shows no signs of wear. The restoration work conducted on it exhibits a high level of professionalism. It's currently challenging to find a 2.0-liter model in such good condition, and bringing a vehicle to a similar state would incur significantly higher costs than purchasing the one offered by us.<\/p>\n<p>&nbsp;<\/p>","protected":false},"excerpt":{"rendered":"<p>Porsche 914 to obecnie jedna z lepszych inwestycji w \u015bwiecie motoryzacji zabytkowej. Model ten, mimo, \u017ce przez lata niedostrzegany i deprecjonowany przez kolekcjoner\u00f3w, ro\u015bnie na warto\u015bci w zawrotnym tempie. Du\u017cym popytem ciesz\u0105 si\u0119 przede wszystkim modele o pojemno\u015bci 2.0, a w tak\u0105 jednostk\u0119 wyposa\u017cony jest samoch\u00f3d oferowany przez Classic Motors. Auto zosta\u0142o wyprodukowane w 1974 [&hellip;]<\/p>","protected":false},"featured_media":1235,"comment_status":"open","ping_status":"closed","template":"","meta":[],"product_brand":[],"product_cat":[20],"product_tag":[],"class_list":{"0":"post-1215","1":"product","2":"type-product","3":"status-publish","4":"has-post-thumbnail","6":"product_cat-sprzedane","8":"first","9":"outofstock","10":"shipping-taxable","11":"product-type-simple"},"yoast_head":"<!-- This site is optimized with the Yoast SEO plugin v24.4 - https:\/\/yoast.com\/wordpress\/plugins\/seo\/ -->\n<title>PORSCHE 914 - classicmotors.pl<\/title>\n<meta name=\"robots\" content=\"index, follow, max-snippet:-1, max-image-preview:large, max-video-preview:-1\" \/>\n<link rel=\"canonical\" href=\"https:\/\/classicmotors.pl\/en\/product\/porsche-914\/\" \/>\n<meta property=\"og:locale\" content=\"en_GB\" \/>\n<meta property=\"og:type\" content=\"article\" \/>\n<meta property=\"og:title\" content=\"PORSCHE 914 - classicmotors.pl\" \/>\n<meta property=\"og:description\" content=\"Porsche 914 to obecnie jedna z lepszych inwestycji w \u015bwiecie motoryzacji zabytkowej. Model ten, mimo, \u017ce przez lata niedostrzegany i deprecjonowany przez kolekcjoner\u00f3w, ro\u015bnie na warto\u015bci w zawrotnym tempie. Du\u017cym popytem ciesz\u0105 si\u0119 przede wszystkim modele o pojemno\u015bci 2.0, a w tak\u0105 jednostk\u0119 wyposa\u017cony jest samoch\u00f3d oferowany przez Classic Motors. Auto zosta\u0142o wyprodukowane w 1974 [&hellip;]\" \/>\n<meta property=\"og:url\" content=\"https:\/\/classicmotors.pl\/en\/product\/porsche-914\/\" \/>\n<meta property=\"og:site_name\" content=\"classicmotors.pl\" \/>\n<meta property=\"article:modified_time\" content=\"2024-04-06T10:39:45+00:00\" \/>\n<meta property=\"og:image\" content=\"https:\/\/classicmotors.pl\/wp-content\/uploads\/2024\/03\/IMG_20200119_093417-1030x773-1.jpg\" \/>\n\t<meta property=\"og:image:width\" content=\"1030\" \/>\n\t<meta property=\"og:image:height\" content=\"773\" \/>\n\t<meta property=\"og:image:type\" content=\"image\/jpeg\" \/>\n<meta name=\"twitter:card\" content=\"summary_large_image\" \/>\n<meta name=\"twitter:label1\" content=\"Estimated reading time\" \/>\n\t<meta name=\"twitter:data1\" content=\"2 minutes\" \/>\n<script type=\"application\/ld+json\" class=\"yoast-schema-graph\">{\"@context\":\"https:\/\/schema.org\",\"@graph\":[{\"@type\":\"WebPage\",\"@id\":\"https:\/\/classicmotors.pl\/produkt\/porsche-914\/\",\"url\":\"https:\/\/classicmotors.pl\/produkt\/porsche-914\/\",\"name\":\"PORSCHE 914 - classicmotors.pl\",\"isPartOf\":{\"@id\":\"https:\/\/classicmotors.pl\/#website\"},\"primaryImageOfPage\":{\"@id\":\"https:\/\/classicmotors.pl\/produkt\/porsche-914\/#primaryimage\"},\"image\":{\"@id\":\"https:\/\/classicmotors.pl\/produkt\/porsche-914\/#primaryimage\"},\"thumbnailUrl\":\"https:\/\/classicmotors.pl\/wp-content\/uploads\/2024\/03\/IMG_20200119_093417-1030x773-1.jpg\",\"datePublished\":\"2024-03-28T06:29:22+00:00\",\"dateModified\":\"2024-04-06T10:39:45+00:00\",\"breadcrumb\":{\"@id\":\"https:\/\/classicmotors.pl\/produkt\/porsche-914\/#breadcrumb\"},\"inLanguage\":\"en-GB\",\"potentialAction\":[{\"@type\":\"ReadAction\",\"target\":[\"https:\/\/classicmotors.pl\/produkt\/porsche-914\/\"]}]},{\"@type\":\"ImageObject\",\"inLanguage\":\"en-GB\",\"@id\":\"https:\/\/classicmotors.pl\/produkt\/porsche-914\/#primaryimage\",\"url\":\"https:\/\/classicmotors.pl\/wp-content\/uploads\/2024\/03\/IMG_20200119_093417-1030x773-1.jpg\",\"contentUrl\":\"https:\/\/classicmotors.pl\/wp-content\/uploads\/2024\/03\/IMG_20200119_093417-1030x773-1.jpg\",\"width\":1030,\"height\":773},{\"@type\":\"BreadcrumbList\",\"@id\":\"https:\/\/classicmotors.pl\/produkt\/porsche-914\/#breadcrumb\",\"itemListElement\":[{\"@type\":\"ListItem\",\"position\":1,\"name\":\"Strona g\u0142\u00f3wna\",\"item\":\"https:\/\/classicmotors.pl\/\"},{\"@type\":\"ListItem\",\"position\":2,\"name\":\"Sklep\",\"item\":\"https:\/\/classicmotors.pl\/sklep\/\"},{\"@type\":\"ListItem\",\"position\":3,\"name\":\"PORSCHE 914\"}]},{\"@type\":\"WebSite\",\"@id\":\"https:\/\/classicmotors.pl\/#website\",\"url\":\"https:\/\/classicmotors.pl\/\",\"name\":\"classicmotors.pl\",\"description\":\"\",\"publisher\":{\"@id\":\"https:\/\/classicmotors.pl\/#organization\"},\"potentialAction\":[{\"@type\":\"SearchAction\",\"target\":{\"@type\":\"EntryPoint\",\"urlTemplate\":\"https:\/\/classicmotors.pl\/?s={search_term_string}\"},\"query-input\":{\"@type\":\"PropertyValueSpecification\",\"valueRequired\":true,\"valueName\":\"search_term_string\"}}],\"inLanguage\":\"en-GB\"},{\"@type\":\"Organization\",\"@id\":\"https:\/\/classicmotors.pl\/#organization\",\"name\":\"classicmotors.pl\",\"url\":\"https:\/\/classicmotors.pl\/\",\"logo\":{\"@type\":\"ImageObject\",\"inLanguage\":\"en-GB\",\"@id\":\"https:\/\/classicmotors.pl\/#\/schema\/logo\/image\/\",\"url\":\"https:\/\/classicmotors.pl\/wp-content\/uploads\/2024\/01\/Classic-motors-logo-header.png\",\"contentUrl\":\"https:\/\/classicmotors.pl\/wp-content\/uploads\/2024\/01\/Classic-motors-logo-header.png\",\"width\":1280,\"height\":720,\"caption\":\"classicmotors.pl\"},\"image\":{\"@id\":\"https:\/\/classicmotors.pl\/#\/schema\/logo\/image\/\"}}]}<\/script>\n<!-- \/ Yoast SEO plugin. -->","yoast_head_json":{"title":"PORSCHE 914 - classicmotors.pl","robots":{"index":"index","follow":"follow","max-snippet":"max-snippet:-1","max-image-preview":"max-image-preview:large","max-video-preview":"max-video-preview:-1"},"canonical":"https:\/\/classicmotors.pl\/en\/product\/porsche-914\/","og_locale":"en_GB","og_type":"article","og_title":"PORSCHE 914 - classicmotors.pl","og_description":"Porsche 914 to obecnie jedna z lepszych inwestycji w \u015bwiecie motoryzacji zabytkowej. Model ten, mimo, \u017ce przez lata niedostrzegany i deprecjonowany przez kolekcjoner\u00f3w, ro\u015bnie na warto\u015bci w zawrotnym tempie. Du\u017cym popytem ciesz\u0105 si\u0119 przede wszystkim modele o pojemno\u015bci 2.0, a w tak\u0105 jednostk\u0119 wyposa\u017cony jest samoch\u00f3d oferowany przez Classic Motors. Auto zosta\u0142o wyprodukowane w 1974 [&hellip;]","og_url":"https:\/\/classicmotors.pl\/en\/product\/porsche-914\/","og_site_name":"classicmotors.pl","article_modified_time":"2024-04-06T10:39:45+00:00","og_image":[{"width":1030,"height":773,"url":"https:\/\/classicmotors.pl\/wp-content\/uploads\/2024\/03\/IMG_20200119_093417-1030x773-1.jpg","type":"image\/jpeg"}],"twitter_card":"summary_large_image","twitter_misc":{"Estimated reading time":"2 minutes"},"schema":{"@context":"https:\/\/schema.org","@graph":[{"@type":"WebPage","@id":"https:\/\/classicmotors.pl\/produkt\/porsche-914\/","url":"https:\/\/classicmotors.pl\/produkt\/porsche-914\/","name":"PORSCHE 914 - classicmotors.pl","isPartOf":{"@id":"https:\/\/classicmotors.pl\/#website"},"primaryImageOfPage":{"@id":"https:\/\/classicmotors.pl\/produkt\/porsche-914\/#primaryimage"},"image":{"@id":"https:\/\/classicmotors.pl\/produkt\/porsche-914\/#primaryimage"},"thumbnailUrl":"https:\/\/classicmotors.pl\/wp-content\/uploads\/2024\/03\/IMG_20200119_093417-1030x773-1.jpg","datePublished":"2024-03-28T06:29:22+00:00","dateModified":"2024-04-06T10:39:45+00:00","breadcrumb":{"@id":"https:\/\/classicmotors.pl\/produkt\/porsche-914\/#breadcrumb"},"inLanguage":"en-GB","potentialAction":[{"@type":"ReadAction","target":["https:\/\/classicmotors.pl\/produkt\/porsche-914\/"]}]},{"@type":"ImageObject","inLanguage":"en-GB","@id":"https:\/\/classicmotors.pl\/produkt\/porsche-914\/#primaryimage","url":"https:\/\/classicmotors.pl\/wp-content\/uploads\/2024\/03\/IMG_20200119_093417-1030x773-1.jpg","contentUrl":"https:\/\/classicmotors.pl\/wp-content\/uploads\/2024\/03\/IMG_20200119_093417-1030x773-1.jpg","width":1030,"height":773},{"@type":"BreadcrumbList","@id":"https:\/\/classicmotors.pl\/produkt\/porsche-914\/#breadcrumb","itemListElement":[{"@type":"ListItem","position":1,"name":"Strona g\u0142\u00f3wna","item":"https:\/\/classicmotors.pl\/"},{"@type":"ListItem","position":2,"name":"Sklep","item":"https:\/\/classicmotors.pl\/sklep\/"},{"@type":"ListItem","position":3,"name":"PORSCHE 914"}]},{"@type":"WebSite","@id":"https:\/\/classicmotors.pl\/#website","url":"https:\/\/classicmotors.pl\/","name":"classicmotors.pl","description":"","publisher":{"@id":"https:\/\/classicmotors.pl\/#organization"},"potentialAction":[{"@type":"SearchAction","target":{"@type":"EntryPoint","urlTemplate":"https:\/\/classicmotors.pl\/?s={search_term_string}"},"query-input":{"@type":"PropertyValueSpecification","valueRequired":true,"valueName":"search_term_string"}}],"inLanguage":"en-GB"},{"@type":"Organization","@id":"https:\/\/classicmotors.pl\/#organization","name":"classicmotors.pl","url":"https:\/\/classicmotors.pl\/","logo":{"@type":"ImageObject","inLanguage":"en-GB","@id":"https:\/\/classicmotors.pl\/#\/schema\/logo\/image\/","url":"https:\/\/classicmotors.pl\/wp-content\/uploads\/2024\/01\/Classic-motors-logo-header.png","contentUrl":"https:\/\/classicmotors.pl\/wp-content\/uploads\/2024\/01\/Classic-motors-logo-header.png","width":1280,"height":720,"caption":"classicmotors.pl"},"image":{"@id":"https:\/\/classicmotors.pl\/#\/schema\/logo\/image\/"}}]}},"_links":{"self":[{"href":"https:\/\/classicmotors.pl\/en\/wp-json\/wp\/v2\/product\/1215","targetHints":{"allow":["GET"]}}],"collection":[{"href":"https:\/\/classicmotors.pl\/en\/wp-json\/wp\/v2\/product"}],"about":[{"href":"https:\/\/classicmotors.pl\/en\/wp-json\/wp\/v2\/types\/product"}],"replies":[{"embeddable":true,"href":"https:\/\/classicmotors.pl\/en\/wp-json\/wp\/v2\/comments?post=1215"}],"version-history":[{"count":1,"href":"https:\/\/classicmotors.pl\/en\/wp-json\/wp\/v2\/product\/1215\/revisions"}],"predecessor-version":[{"id":1486,"href":"https:\/\/classicmotors.pl\/en\/wp-json\/wp\/v2\/product\/1215\/revisions\/1486"}],"wp:featuredmedia":[{"embeddable":true,"href":"https:\/\/classicmotors.pl\/en\/wp-json\/wp\/v2\/media\/1235"}],"wp:attachment":[{"href":"https:\/\/classicmotors.pl\/en\/wp-json\/wp\/v2\/media?parent=1215"}],"wp:term":[{"taxonomy":"product_brand","embeddable":true,"href":"https:\/\/classicmotors.pl\/en\/wp-json\/wp\/v2\/product_brand?post=1215"},{"taxonomy":"product_cat","embeddable":true,"href":"https:\/\/classicmotors.pl\/en\/wp-json\/wp\/v2\/product_cat?post=1215"},{"taxonomy":"product_tag","embeddable":true,"href":"https:\/\/classicmotors.pl\/en\/wp-json\/wp\/v2\/product_tag?post=1215"}],"curies":[{"name":"wp","href":"https:\/\/api.w.org\/{rel}","templated":true}]}}