{"id":1194,"date":"2024-03-28T07:17:49","date_gmt":"2024-03-28T06:17:49","guid":{"rendered":"https:\/\/classicparts.home.pl\/autoinstalator\/wordpresswoocommerce\/?post_type=product&#038;p=1194"},"modified":"2024-03-28T07:17:49","modified_gmt":"2024-03-28T06:17:49","slug":"saab-99","status":"publish","type":"product","link":"https:\/\/classicmotors.pl\/en\/product\/saab-99\/","title":{"rendered":"SAAB 99"},"content":{"rendered":"<p class=\" translation-block\"><b>Saab 99<\/b>is the quintessence of Swedish technical thought, straight from the 1960s. The 99 was produced at the Trollhattan plant from 1968 until 1984, after many modernizations. The Saab offered by <b>Classic Motors<\/b>\u00a0belongs to one of the last vintages, it left the factory in 1981 and went to Germany. Little is known about its previous history, but in 2015 it was acquired by a private collector from Poland in Hamburg. Since then, the car has been in the same hands, it has been registered with yellow historic plates and has undergone a number of works that make it a<b>complete and ready for the season<\/b> car today.<\/p>\n<p class=\" translation-block\"><b>Below is a list of recent maintenance and repairs performed on the car:<\/b>\n<br>\n-Cylinder head overhaul,<br>\n-Engine top end gasket replacement,<br>\n-Fuel pump rebuild,<br>\n-Radio repair,<br>\n-New set of Vredestein tires,<br>\n-Oil service.<br><\/p>\n<p class=\" translation-block\">The car recently completed a journey from Sopot to Warsaw without major issues. Upon arrival at our workshop, it was inspected by experienced mechanics, ensuring its technical condition. If you're looking for a vehicle that transports you straight to the 1980s, a companion for summer drives, or simply a classic you can use every day, our Saab is definitely the car for you.<\/p>\n<p><b>Wi\u0119cej zdj\u0119\u0107 szczeg\u00f3\u0142owych znajdziecie w albumie:\u00a0<\/b><a href=\"https:\/\/classicmotors.pl\/1991-alfa-romeo-spider-3\/_wp_link_placeholder\">https:\/\/photos.app.goo.gl\/NUAm7EZK66fConFN8<\/a><\/p>","protected":false},"excerpt":{"rendered":"<p>Saab 99\u00a0to kwintesencja szwedzkiej my\u015bli technicznej, prosto z lat 60. ubieg\u0142ego stulecia. 99-tka by\u0142a wytwarzana w fabryce w Trollhattan od 1968 roku, a\u017c do 1984, po wielu unowocze\u015bnieniach. Saab oferowany przez\u00a0Classic Motors\u00a0nale\u017cy do jednego z ostatnich rocznik\u00f3w, opu\u015bci\u0142 fabryk\u0119 w 1981 roku i trafi\u0142 do Niemiec. Niewiele wiadomo o jego wcze\u015bniejszej historii, jednak w 2015 [&hellip;]<\/p>","protected":false},"featured_media":1208,"comment_status":"open","ping_status":"closed","template":"","meta":[],"product_brand":[],"product_cat":[20],"product_tag":[],"class_list":{"0":"post-1194","1":"product","2":"type-product","3":"status-publish","4":"has-post-thumbnail","6":"product_cat-sprzedane","8":"first","9":"outofstock","10":"shipping-taxable","11":"product-type-simple"},"yoast_head":"<!-- This site is optimized with the Yoast SEO plugin v24.4 - https:\/\/yoast.com\/wordpress\/plugins\/seo\/ -->\n<title>SAAB 99 - classicmotors.pl<\/title>\n<meta name=\"robots\" content=\"index, follow, max-snippet:-1, max-image-preview:large, max-video-preview:-1\" \/>\n<link rel=\"canonical\" href=\"https:\/\/classicmotors.pl\/en\/product\/saab-99\/\" \/>\n<meta property=\"og:locale\" content=\"en_GB\" \/>\n<meta property=\"og:type\" content=\"article\" \/>\n<meta property=\"og:title\" content=\"SAAB 99 - classicmotors.pl\" \/>\n<meta property=\"og:description\" content=\"Saab 99\u00a0to kwintesencja szwedzkiej my\u015bli technicznej, prosto z lat 60. ubieg\u0142ego stulecia. 99-tka by\u0142a wytwarzana w fabryce w Trollhattan od 1968 roku, a\u017c do 1984, po wielu unowocze\u015bnieniach. Saab oferowany przez\u00a0Classic Motors\u00a0nale\u017cy do jednego z ostatnich rocznik\u00f3w, opu\u015bci\u0142 fabryk\u0119 w 1981 roku i trafi\u0142 do Niemiec. Niewiele wiadomo o jego wcze\u015bniejszej historii, jednak w 2015 [&hellip;]\" \/>\n<meta property=\"og:url\" content=\"https:\/\/classicmotors.pl\/en\/product\/saab-99\/\" \/>\n<meta property=\"og:site_name\" content=\"classicmotors.pl\" \/>\n<meta property=\"og:image\" content=\"https:\/\/classicmotors.pl\/wp-content\/uploads\/2024\/03\/IMG_1566-1030x773-1.jpg\" \/>\n\t<meta property=\"og:image:width\" content=\"1030\" \/>\n\t<meta property=\"og:image:height\" content=\"773\" \/>\n\t<meta property=\"og:image:type\" content=\"image\/jpeg\" \/>\n<meta name=\"twitter:card\" content=\"summary_large_image\" \/>\n<meta name=\"twitter:label1\" content=\"Estimated reading time\" \/>\n\t<meta name=\"twitter:data1\" content=\"1 minute\" \/>\n<script type=\"application\/ld+json\" class=\"yoast-schema-graph\">{\"@context\":\"https:\/\/schema.org\",\"@graph\":[{\"@type\":\"WebPage\",\"@id\":\"https:\/\/classicmotors.pl\/produkt\/saab-99\/\",\"url\":\"https:\/\/classicmotors.pl\/produkt\/saab-99\/\",\"name\":\"SAAB 99 - classicmotors.pl\",\"isPartOf\":{\"@id\":\"https:\/\/classicmotors.pl\/#website\"},\"primaryImageOfPage\":{\"@id\":\"https:\/\/classicmotors.pl\/produkt\/saab-99\/#primaryimage\"},\"image\":{\"@id\":\"https:\/\/classicmotors.pl\/produkt\/saab-99\/#primaryimage\"},\"thumbnailUrl\":\"https:\/\/classicmotors.pl\/wp-content\/uploads\/2024\/03\/IMG_1566-1030x773-1.jpg\",\"datePublished\":\"2024-03-28T06:17:49+00:00\",\"breadcrumb\":{\"@id\":\"https:\/\/classicmotors.pl\/produkt\/saab-99\/#breadcrumb\"},\"inLanguage\":\"en-GB\",\"potentialAction\":[{\"@type\":\"ReadAction\",\"target\":[\"https:\/\/classicmotors.pl\/produkt\/saab-99\/\"]}]},{\"@type\":\"ImageObject\",\"inLanguage\":\"en-GB\",\"@id\":\"https:\/\/classicmotors.pl\/produkt\/saab-99\/#primaryimage\",\"url\":\"https:\/\/classicmotors.pl\/wp-content\/uploads\/2024\/03\/IMG_1566-1030x773-1.jpg\",\"contentUrl\":\"https:\/\/classicmotors.pl\/wp-content\/uploads\/2024\/03\/IMG_1566-1030x773-1.jpg\",\"width\":1030,\"height\":773},{\"@type\":\"BreadcrumbList\",\"@id\":\"https:\/\/classicmotors.pl\/produkt\/saab-99\/#breadcrumb\",\"itemListElement\":[{\"@type\":\"ListItem\",\"position\":1,\"name\":\"Strona g\u0142\u00f3wna\",\"item\":\"https:\/\/classicmotors.pl\/\"},{\"@type\":\"ListItem\",\"position\":2,\"name\":\"Sklep\",\"item\":\"https:\/\/classicmotors.pl\/sklep\/\"},{\"@type\":\"ListItem\",\"position\":3,\"name\":\"SAAB 99\"}]},{\"@type\":\"WebSite\",\"@id\":\"https:\/\/classicmotors.pl\/#website\",\"url\":\"https:\/\/classicmotors.pl\/\",\"name\":\"classicmotors.pl\",\"description\":\"\",\"publisher\":{\"@id\":\"https:\/\/classicmotors.pl\/#organization\"},\"potentialAction\":[{\"@type\":\"SearchAction\",\"target\":{\"@type\":\"EntryPoint\",\"urlTemplate\":\"https:\/\/classicmotors.pl\/?s={search_term_string}\"},\"query-input\":{\"@type\":\"PropertyValueSpecification\",\"valueRequired\":true,\"valueName\":\"search_term_string\"}}],\"inLanguage\":\"en-GB\"},{\"@type\":\"Organization\",\"@id\":\"https:\/\/classicmotors.pl\/#organization\",\"name\":\"classicmotors.pl\",\"url\":\"https:\/\/classicmotors.pl\/\",\"logo\":{\"@type\":\"ImageObject\",\"inLanguage\":\"en-GB\",\"@id\":\"https:\/\/classicmotors.pl\/#\/schema\/logo\/image\/\",\"url\":\"https:\/\/classicmotors.pl\/wp-content\/uploads\/2024\/01\/Classic-motors-logo-header.png\",\"contentUrl\":\"https:\/\/classicmotors.pl\/wp-content\/uploads\/2024\/01\/Classic-motors-logo-header.png\",\"width\":1280,\"height\":720,\"caption\":\"classicmotors.pl\"},\"image\":{\"@id\":\"https:\/\/classicmotors.pl\/#\/schema\/logo\/image\/\"}}]}<\/script>\n<!-- \/ Yoast SEO plugin. -->","yoast_head_json":{"title":"SAAB 99 - classicmotors.pl","robots":{"index":"index","follow":"follow","max-snippet":"max-snippet:-1","max-image-preview":"max-image-preview:large","max-video-preview":"max-video-preview:-1"},"canonical":"https:\/\/classicmotors.pl\/en\/product\/saab-99\/","og_locale":"en_GB","og_type":"article","og_title":"SAAB 99 - classicmotors.pl","og_description":"Saab 99\u00a0to kwintesencja szwedzkiej my\u015bli technicznej, prosto z lat 60. ubieg\u0142ego stulecia. 99-tka by\u0142a wytwarzana w fabryce w Trollhattan od 1968 roku, a\u017c do 1984, po wielu unowocze\u015bnieniach. Saab oferowany przez\u00a0Classic Motors\u00a0nale\u017cy do jednego z ostatnich rocznik\u00f3w, opu\u015bci\u0142 fabryk\u0119 w 1981 roku i trafi\u0142 do Niemiec. Niewiele wiadomo o jego wcze\u015bniejszej historii, jednak w 2015 [&hellip;]","og_url":"https:\/\/classicmotors.pl\/en\/product\/saab-99\/","og_site_name":"classicmotors.pl","og_image":[{"width":1030,"height":773,"url":"https:\/\/classicmotors.pl\/wp-content\/uploads\/2024\/03\/IMG_1566-1030x773-1.jpg","type":"image\/jpeg"}],"twitter_card":"summary_large_image","twitter_misc":{"Estimated reading time":"1 minute"},"schema":{"@context":"https:\/\/schema.org","@graph":[{"@type":"WebPage","@id":"https:\/\/classicmotors.pl\/produkt\/saab-99\/","url":"https:\/\/classicmotors.pl\/produkt\/saab-99\/","name":"SAAB 99 - classicmotors.pl","isPartOf":{"@id":"https:\/\/classicmotors.pl\/#website"},"primaryImageOfPage":{"@id":"https:\/\/classicmotors.pl\/produkt\/saab-99\/#primaryimage"},"image":{"@id":"https:\/\/classicmotors.pl\/produkt\/saab-99\/#primaryimage"},"thumbnailUrl":"https:\/\/classicmotors.pl\/wp-content\/uploads\/2024\/03\/IMG_1566-1030x773-1.jpg","datePublished":"2024-03-28T06:17:49+00:00","breadcrumb":{"@id":"https:\/\/classicmotors.pl\/produkt\/saab-99\/#breadcrumb"},"inLanguage":"en-GB","potentialAction":[{"@type":"ReadAction","target":["https:\/\/classicmotors.pl\/produkt\/saab-99\/"]}]},{"@type":"ImageObject","inLanguage":"en-GB","@id":"https:\/\/classicmotors.pl\/produkt\/saab-99\/#primaryimage","url":"https:\/\/classicmotors.pl\/wp-content\/uploads\/2024\/03\/IMG_1566-1030x773-1.jpg","contentUrl":"https:\/\/classicmotors.pl\/wp-content\/uploads\/2024\/03\/IMG_1566-1030x773-1.jpg","width":1030,"height":773},{"@type":"BreadcrumbList","@id":"https:\/\/classicmotors.pl\/produkt\/saab-99\/#breadcrumb","itemListElement":[{"@type":"ListItem","position":1,"name":"Strona g\u0142\u00f3wna","item":"https:\/\/classicmotors.pl\/"},{"@type":"ListItem","position":2,"name":"Sklep","item":"https:\/\/classicmotors.pl\/sklep\/"},{"@type":"ListItem","position":3,"name":"SAAB 99"}]},{"@type":"WebSite","@id":"https:\/\/classicmotors.pl\/#website","url":"https:\/\/classicmotors.pl\/","name":"classicmotors.pl","description":"","publisher":{"@id":"https:\/\/classicmotors.pl\/#organization"},"potentialAction":[{"@type":"SearchAction","target":{"@type":"EntryPoint","urlTemplate":"https:\/\/classicmotors.pl\/?s={search_term_string}"},"query-input":{"@type":"PropertyValueSpecification","valueRequired":true,"valueName":"search_term_string"}}],"inLanguage":"en-GB"},{"@type":"Organization","@id":"https:\/\/classicmotors.pl\/#organization","name":"classicmotors.pl","url":"https:\/\/classicmotors.pl\/","logo":{"@type":"ImageObject","inLanguage":"en-GB","@id":"https:\/\/classicmotors.pl\/#\/schema\/logo\/image\/","url":"https:\/\/classicmotors.pl\/wp-content\/uploads\/2024\/01\/Classic-motors-logo-header.png","contentUrl":"https:\/\/classicmotors.pl\/wp-content\/uploads\/2024\/01\/Classic-motors-logo-header.png","width":1280,"height":720,"caption":"classicmotors.pl"},"image":{"@id":"https:\/\/classicmotors.pl\/#\/schema\/logo\/image\/"}}]}},"_links":{"self":[{"href":"https:\/\/classicmotors.pl\/en\/wp-json\/wp\/v2\/product\/1194","targetHints":{"allow":["GET"]}}],"collection":[{"href":"https:\/\/classicmotors.pl\/en\/wp-json\/wp\/v2\/product"}],"about":[{"href":"https:\/\/classicmotors.pl\/en\/wp-json\/wp\/v2\/types\/product"}],"replies":[{"embeddable":true,"href":"https:\/\/classicmotors.pl\/en\/wp-json\/wp\/v2\/comments?post=1194"}],"version-history":[{"count":0,"href":"https:\/\/classicmotors.pl\/en\/wp-json\/wp\/v2\/product\/1194\/revisions"}],"wp:featuredmedia":[{"embeddable":true,"href":"https:\/\/classicmotors.pl\/en\/wp-json\/wp\/v2\/media\/1208"}],"wp:attachment":[{"href":"https:\/\/classicmotors.pl\/en\/wp-json\/wp\/v2\/media?parent=1194"}],"wp:term":[{"taxonomy":"product_brand","embeddable":true,"href":"https:\/\/classicmotors.pl\/en\/wp-json\/wp\/v2\/product_brand?post=1194"},{"taxonomy":"product_cat","embeddable":true,"href":"https:\/\/classicmotors.pl\/en\/wp-json\/wp\/v2\/product_cat?post=1194"},{"taxonomy":"product_tag","embeddable":true,"href":"https:\/\/classicmotors.pl\/en\/wp-json\/wp\/v2\/product_tag?post=1194"}],"curies":[{"name":"wp","href":"https:\/\/api.w.org\/{rel}","templated":true}]}}