{"id":1137,"date":"2024-03-28T06:34:02","date_gmt":"2024-03-28T05:34:02","guid":{"rendered":"https:\/\/classicparts.home.pl\/autoinstalator\/wordpresswoocommerce\/?post_type=product&#038;p=1137"},"modified":"2024-03-28T06:43:46","modified_gmt":"2024-03-28T05:43:46","slug":"mercedes-benz-190e","status":"publish","type":"product","link":"https:\/\/classicmotors.pl\/en\/product\/mercedes-benz-190e\/","title":{"rendered":"MERCEDES-BENZ 190E"},"content":{"rendered":"<p>Mercedes W201, czyli klasyczna 190tka z dodatkow\u0105 liter\u0105 E oznaczaj\u0105c\u0105 zastosowanie wtrysku paliwa zamiast ga\u017anika. Auto nap\u0119dza silnik o pojemno\u015bci\u00a0<b>2.3 litra, moc 132 koni przenosi na ko\u0142a 4-biegowy automat<\/b>, kt\u00f3ry pozwala wyluzowa\u0107 si\u0119 nawet w godzinach szczytu. Karoseria projektu w\u0142oskiego designera Bruno Sacco w wersji poliftowej z tak zwan\u0105 szerok\u0105 listw\u0105, umo\u017cliwiaj\u0105c\u0105 dwu-tonow\u0105 konfiguracj\u0119 nadwozia znan\u0105 z wy\u017cszych klas Mercedesa \u2013 tutaj srebrno-szara.<\/p>\n<p><b>Samoch\u00f3d jest w 100% zgodny z VIN<\/b>, a na wyposa\u017ceniu dodatkowym mo\u017cemy znale\u017a\u0107 takie udogodnienia jak:<br \/>\n-elektryczne lusterko pasa\u017cera,<br \/>\n-elektryczne szyby,<br \/>\n-szyberdach,<br \/>\n-aluminiowe felgi \u201eGullideckel 16\u201d<br \/>\n-lampk\u0119 nad tyln\u0105 kanap\u0105.<\/p>\n<p>Do samochodu dok\u0142adam tak\u017ce widoczny na zdj\u0119ciu kapelusz (wed\u0142ug legendy bardziej do\u015bwiadczeni Niemcy zwykli wozi\u0107 tam papier toaletowy, tak na wszelki wypadek). Samoch\u00f3d cechuje\u00a0<b>zupe\u0142ny brak rdzy<\/b>, jedyny, widoczny na dok\u0142adniejszych zdj\u0119ciach rdzawy fragment na tylnej klapie powsta\u0142 jeszcze przed przyjazdem do Polski, zosta\u0142 zabezpieczony i nie post\u0119puje dalej. Auto posiada oryginalny,\u00a0<b>pierwszy lakier na ca\u0142ej karoserii (odczyt czujnika lakieru 100-120 mikron\u00f3w)<\/b>, st\u0105d kilka odprysk\u00f3w czy zadrapa\u0144 \u015bwiadcz\u0105cych o bezwypadkowej historii.<\/p>\n<p>Podwozie zosta\u0142o zabezpieczone w firmie\u00a0<b>Krown (zabezpieczenie od\u015bwie\u017cone w listopadzie 2019)<\/b>\u00a0przezroczyst\u0105 substancj\u0105 olejow\u0105, a nie \u017cadnym bitumexem, dzi\u0119ki czemu mo\u017cna spokojnie doceni\u0107 jego stan bez obaw, \u017ce korozja kwitnie pod spodem.<\/p>\n<p>Co, przynajmniej na mnie, tak\u017ce zrobi\u0142o wra\u017cenie to stan zachowania uszczelek (nadal uginaj\u0105cych si\u0119 pod delikatnym naciskiem) i kompletna cisza podczas pracy szyberdachu czy szyb bocznych. Tak\u017ce stan mechaniczny nie pozostawia nic do \u017cyczenia. Na prze\u0142omie lutego i marca wymienione zosta\u0142y tarcze i klocki przednie oraz wykonany serwis \u201eolejowo-filtrowy\u201d. Zar\u00f3wno zawieszenie, jak i elementy nap\u0119dowe pracuj\u0105 prawid\u0142owo, bez niepokoj\u0105cych d\u017awi\u0119k\u00f3w. Skrzynia bieg\u00f3w czasem szarpnie, jak to w klasycznym Mercedesie.<\/p>\n<p>Za kadencji poprzedniego w\u0142a\u015bciciela wymienione zosta\u0142y przednie amortyzatory, poduszki silnika oraz wyregulowany mechaniczny wtrysk (+ par\u0119 mniejszych rzeczy jak uszczelki, \u015bwiece). Z rzeczy do zrobienia, mo\u017cna od\u015bwie\u017cy\u0107 felgi i dla wymagaj\u0105cych jeszcze podregulowa\u0107 K-Jetronica, bo czasem na ciep\u0142ym mu si\u0119 zdarzy nie wskoczy\u0107 na wy\u017csze obroty przy odpaleniu (1200\/1500 i dopiero na 900), tylko skokiem 600-900. R\u00f3\u017cnica w przebiegu widniej\u0105cym w og\u0142oszeniu oraz na zdj\u0119ciu zegar\u00f3w wynika z ich wymiany na nowe przy stanie licznika w okolicy 135.000 km \u2013 operacja ta zosta\u0142a wpisana jeszcze w niemieck\u0105 ksi\u0105\u017ck\u0119 serwisow\u0105 i s\u0105dz\u0105c po stanie zachowania 190tki przebieg 238 tysi\u0119cy jest prawdziwy, a samoch\u00f3d bez zaj\u0105kni\u0119cia (chyba \u017ce z zachwytu) przechodzi badanie techniczne.<\/p>\n<p>Auto zosta\u0142o kupione od pasjonata, kt\u00f3ry za\u0142\u0105czy\u0142 pe\u0142n\u0105 dokumentacj\u0119 serwisow\u0105, dwa dodatkowe kluczyki i trzy ksi\u0105\u017cki modelowe. Wszystko to do przekazania w r\u0119ce nowego w\u0142a\u015bciciela. Obecny w\u0142a\u015bciciel przejecha\u0142 Benzem 7,5 tysi\u0105ca bezawaryjnych kilometr\u00f3w. Mercedes doskonale nada si\u0119 jako pocz\u0105tek przygody z klasykiem, ale tak\u017ce sprawdzi si\u0119 w roli \u201edaily\u201d dla os\u00f3b, kt\u00f3re jak ja nie do ko\u0144ca przekona\u0142y si\u0119 do skomputeryzowanych aut.<\/p>\n<p>W zesz\u0142ym miesi\u0105cu zosta\u0142 wymieniony t\u0142umik ko\u0144cowy z takiego ko\u0144cz\u0105cego si\u0119 dwururk\u0105 (od rocznika 91-) na taki z pojedyncz\u0105 (do 91). Poprzedni by\u0142 naprawiany i telepa\u0142 przy ciasnych nawrotach. St\u0105d r\u00f3\u017cnica na zdj\u0119ciach aparat \u2013 telefon.<br \/>\nTe pierwsze wykonane w kwietniu.<\/p>\n<p>If you have any further questions or require additional details, please feel free to ask. We're here to assist you!<\/p>","protected":false},"excerpt":{"rendered":"<p>Mercedes W201, czyli klasyczna 190tka z dodatkow\u0105 liter\u0105 E oznaczaj\u0105c\u0105 zastosowanie wtrysku paliwa zamiast ga\u017anika. Auto nap\u0119dza silnik o pojemno\u015bci\u00a02.3 litra, moc 132 koni przenosi na ko\u0142a 4-biegowy automat, kt\u00f3ry pozwala wyluzowa\u0107 si\u0119 nawet w godzinach szczytu. Karoseria projektu w\u0142oskiego designera Bruno Sacco w wersji poliftowej z tak zwan\u0105 szerok\u0105 listw\u0105, umo\u017cliwiaj\u0105c\u0105 dwu-tonow\u0105 konfiguracj\u0119 nadwozia [&hellip;]<\/p>","protected":false},"featured_media":1147,"comment_status":"open","ping_status":"closed","template":"","meta":[],"product_brand":[],"product_cat":[20],"product_tag":[],"class_list":{"0":"post-1137","1":"product","2":"type-product","3":"status-publish","4":"has-post-thumbnail","6":"product_cat-sprzedane","8":"first","9":"outofstock","10":"shipping-taxable","11":"product-type-simple"},"yoast_head":"<!-- This site is optimized with the Yoast SEO plugin v24.4 - https:\/\/yoast.com\/wordpress\/plugins\/seo\/ -->\n<title>MERCEDES-BENZ 190E - classicmotors.pl<\/title>\n<meta name=\"robots\" content=\"index, follow, max-snippet:-1, max-image-preview:large, max-video-preview:-1\" \/>\n<link rel=\"canonical\" href=\"https:\/\/classicmotors.pl\/en\/product\/mercedes-benz-190e\/\" \/>\n<meta property=\"og:locale\" content=\"en_GB\" \/>\n<meta property=\"og:type\" content=\"article\" \/>\n<meta property=\"og:title\" content=\"MERCEDES-BENZ 190E - classicmotors.pl\" \/>\n<meta property=\"og:description\" content=\"Mercedes W201, czyli klasyczna 190tka z dodatkow\u0105 liter\u0105 E oznaczaj\u0105c\u0105 zastosowanie wtrysku paliwa zamiast ga\u017anika. Auto nap\u0119dza silnik o pojemno\u015bci\u00a02.3 litra, moc 132 koni przenosi na ko\u0142a 4-biegowy automat, kt\u00f3ry pozwala wyluzowa\u0107 si\u0119 nawet w godzinach szczytu. Karoseria projektu w\u0142oskiego designera Bruno Sacco w wersji poliftowej z tak zwan\u0105 szerok\u0105 listw\u0105, umo\u017cliwiaj\u0105c\u0105 dwu-tonow\u0105 konfiguracj\u0119 nadwozia [&hellip;]\" \/>\n<meta property=\"og:url\" content=\"https:\/\/classicmotors.pl\/en\/product\/mercedes-benz-190e\/\" \/>\n<meta property=\"og:site_name\" content=\"classicmotors.pl\" \/>\n<meta property=\"article:modified_time\" content=\"2024-03-28T05:43:46+00:00\" \/>\n<meta property=\"og:image\" content=\"https:\/\/classicmotors.pl\/wp-content\/uploads\/2024\/03\/Mercedes-190-2.3-48-1030x687-1.jpg\" \/>\n\t<meta property=\"og:image:width\" content=\"1030\" \/>\n\t<meta property=\"og:image:height\" content=\"687\" \/>\n\t<meta property=\"og:image:type\" content=\"image\/jpeg\" \/>\n<meta name=\"twitter:card\" content=\"summary_large_image\" \/>\n<meta name=\"twitter:label1\" content=\"Estimated reading time\" \/>\n\t<meta name=\"twitter:data1\" content=\"3 minutes\" \/>\n<script type=\"application\/ld+json\" class=\"yoast-schema-graph\">{\"@context\":\"https:\/\/schema.org\",\"@graph\":[{\"@type\":\"WebPage\",\"@id\":\"https:\/\/classicmotors.pl\/produkt\/mercedes-benz-190e\/\",\"url\":\"https:\/\/classicmotors.pl\/produkt\/mercedes-benz-190e\/\",\"name\":\"MERCEDES-BENZ 190E - classicmotors.pl\",\"isPartOf\":{\"@id\":\"https:\/\/classicmotors.pl\/#website\"},\"primaryImageOfPage\":{\"@id\":\"https:\/\/classicmotors.pl\/produkt\/mercedes-benz-190e\/#primaryimage\"},\"image\":{\"@id\":\"https:\/\/classicmotors.pl\/produkt\/mercedes-benz-190e\/#primaryimage\"},\"thumbnailUrl\":\"https:\/\/classicmotors.pl\/wp-content\/uploads\/2024\/03\/Mercedes-190-2.3-48-1030x687-1.jpg\",\"datePublished\":\"2024-03-28T05:34:02+00:00\",\"dateModified\":\"2024-03-28T05:43:46+00:00\",\"breadcrumb\":{\"@id\":\"https:\/\/classicmotors.pl\/produkt\/mercedes-benz-190e\/#breadcrumb\"},\"inLanguage\":\"en-GB\",\"potentialAction\":[{\"@type\":\"ReadAction\",\"target\":[\"https:\/\/classicmotors.pl\/produkt\/mercedes-benz-190e\/\"]}]},{\"@type\":\"ImageObject\",\"inLanguage\":\"en-GB\",\"@id\":\"https:\/\/classicmotors.pl\/produkt\/mercedes-benz-190e\/#primaryimage\",\"url\":\"https:\/\/classicmotors.pl\/wp-content\/uploads\/2024\/03\/Mercedes-190-2.3-48-1030x687-1.jpg\",\"contentUrl\":\"https:\/\/classicmotors.pl\/wp-content\/uploads\/2024\/03\/Mercedes-190-2.3-48-1030x687-1.jpg\",\"width\":1030,\"height\":687},{\"@type\":\"BreadcrumbList\",\"@id\":\"https:\/\/classicmotors.pl\/produkt\/mercedes-benz-190e\/#breadcrumb\",\"itemListElement\":[{\"@type\":\"ListItem\",\"position\":1,\"name\":\"Strona g\u0142\u00f3wna\",\"item\":\"https:\/\/classicmotors.pl\/\"},{\"@type\":\"ListItem\",\"position\":2,\"name\":\"Sklep\",\"item\":\"https:\/\/classicmotors.pl\/sklep\/\"},{\"@type\":\"ListItem\",\"position\":3,\"name\":\"MERCEDES-BENZ 190E\"}]},{\"@type\":\"WebSite\",\"@id\":\"https:\/\/classicmotors.pl\/#website\",\"url\":\"https:\/\/classicmotors.pl\/\",\"name\":\"classicmotors.pl\",\"description\":\"\",\"publisher\":{\"@id\":\"https:\/\/classicmotors.pl\/#organization\"},\"potentialAction\":[{\"@type\":\"SearchAction\",\"target\":{\"@type\":\"EntryPoint\",\"urlTemplate\":\"https:\/\/classicmotors.pl\/?s={search_term_string}\"},\"query-input\":{\"@type\":\"PropertyValueSpecification\",\"valueRequired\":true,\"valueName\":\"search_term_string\"}}],\"inLanguage\":\"en-GB\"},{\"@type\":\"Organization\",\"@id\":\"https:\/\/classicmotors.pl\/#organization\",\"name\":\"classicmotors.pl\",\"url\":\"https:\/\/classicmotors.pl\/\",\"logo\":{\"@type\":\"ImageObject\",\"inLanguage\":\"en-GB\",\"@id\":\"https:\/\/classicmotors.pl\/#\/schema\/logo\/image\/\",\"url\":\"https:\/\/classicmotors.pl\/wp-content\/uploads\/2024\/01\/Classic-motors-logo-header.png\",\"contentUrl\":\"https:\/\/classicmotors.pl\/wp-content\/uploads\/2024\/01\/Classic-motors-logo-header.png\",\"width\":1280,\"height\":720,\"caption\":\"classicmotors.pl\"},\"image\":{\"@id\":\"https:\/\/classicmotors.pl\/#\/schema\/logo\/image\/\"}}]}<\/script>\n<!-- \/ Yoast SEO plugin. -->","yoast_head_json":{"title":"MERCEDES-BENZ 190E - classicmotors.pl","robots":{"index":"index","follow":"follow","max-snippet":"max-snippet:-1","max-image-preview":"max-image-preview:large","max-video-preview":"max-video-preview:-1"},"canonical":"https:\/\/classicmotors.pl\/en\/product\/mercedes-benz-190e\/","og_locale":"en_GB","og_type":"article","og_title":"MERCEDES-BENZ 190E - classicmotors.pl","og_description":"Mercedes W201, czyli klasyczna 190tka z dodatkow\u0105 liter\u0105 E oznaczaj\u0105c\u0105 zastosowanie wtrysku paliwa zamiast ga\u017anika. Auto nap\u0119dza silnik o pojemno\u015bci\u00a02.3 litra, moc 132 koni przenosi na ko\u0142a 4-biegowy automat, kt\u00f3ry pozwala wyluzowa\u0107 si\u0119 nawet w godzinach szczytu. Karoseria projektu w\u0142oskiego designera Bruno Sacco w wersji poliftowej z tak zwan\u0105 szerok\u0105 listw\u0105, umo\u017cliwiaj\u0105c\u0105 dwu-tonow\u0105 konfiguracj\u0119 nadwozia [&hellip;]","og_url":"https:\/\/classicmotors.pl\/en\/product\/mercedes-benz-190e\/","og_site_name":"classicmotors.pl","article_modified_time":"2024-03-28T05:43:46+00:00","og_image":[{"width":1030,"height":687,"url":"https:\/\/classicmotors.pl\/wp-content\/uploads\/2024\/03\/Mercedes-190-2.3-48-1030x687-1.jpg","type":"image\/jpeg"}],"twitter_card":"summary_large_image","twitter_misc":{"Estimated reading time":"3 minutes"},"schema":{"@context":"https:\/\/schema.org","@graph":[{"@type":"WebPage","@id":"https:\/\/classicmotors.pl\/produkt\/mercedes-benz-190e\/","url":"https:\/\/classicmotors.pl\/produkt\/mercedes-benz-190e\/","name":"MERCEDES-BENZ 190E - classicmotors.pl","isPartOf":{"@id":"https:\/\/classicmotors.pl\/#website"},"primaryImageOfPage":{"@id":"https:\/\/classicmotors.pl\/produkt\/mercedes-benz-190e\/#primaryimage"},"image":{"@id":"https:\/\/classicmotors.pl\/produkt\/mercedes-benz-190e\/#primaryimage"},"thumbnailUrl":"https:\/\/classicmotors.pl\/wp-content\/uploads\/2024\/03\/Mercedes-190-2.3-48-1030x687-1.jpg","datePublished":"2024-03-28T05:34:02+00:00","dateModified":"2024-03-28T05:43:46+00:00","breadcrumb":{"@id":"https:\/\/classicmotors.pl\/produkt\/mercedes-benz-190e\/#breadcrumb"},"inLanguage":"en-GB","potentialAction":[{"@type":"ReadAction","target":["https:\/\/classicmotors.pl\/produkt\/mercedes-benz-190e\/"]}]},{"@type":"ImageObject","inLanguage":"en-GB","@id":"https:\/\/classicmotors.pl\/produkt\/mercedes-benz-190e\/#primaryimage","url":"https:\/\/classicmotors.pl\/wp-content\/uploads\/2024\/03\/Mercedes-190-2.3-48-1030x687-1.jpg","contentUrl":"https:\/\/classicmotors.pl\/wp-content\/uploads\/2024\/03\/Mercedes-190-2.3-48-1030x687-1.jpg","width":1030,"height":687},{"@type":"BreadcrumbList","@id":"https:\/\/classicmotors.pl\/produkt\/mercedes-benz-190e\/#breadcrumb","itemListElement":[{"@type":"ListItem","position":1,"name":"Strona g\u0142\u00f3wna","item":"https:\/\/classicmotors.pl\/"},{"@type":"ListItem","position":2,"name":"Sklep","item":"https:\/\/classicmotors.pl\/sklep\/"},{"@type":"ListItem","position":3,"name":"MERCEDES-BENZ 190E"}]},{"@type":"WebSite","@id":"https:\/\/classicmotors.pl\/#website","url":"https:\/\/classicmotors.pl\/","name":"classicmotors.pl","description":"","publisher":{"@id":"https:\/\/classicmotors.pl\/#organization"},"potentialAction":[{"@type":"SearchAction","target":{"@type":"EntryPoint","urlTemplate":"https:\/\/classicmotors.pl\/?s={search_term_string}"},"query-input":{"@type":"PropertyValueSpecification","valueRequired":true,"valueName":"search_term_string"}}],"inLanguage":"en-GB"},{"@type":"Organization","@id":"https:\/\/classicmotors.pl\/#organization","name":"classicmotors.pl","url":"https:\/\/classicmotors.pl\/","logo":{"@type":"ImageObject","inLanguage":"en-GB","@id":"https:\/\/classicmotors.pl\/#\/schema\/logo\/image\/","url":"https:\/\/classicmotors.pl\/wp-content\/uploads\/2024\/01\/Classic-motors-logo-header.png","contentUrl":"https:\/\/classicmotors.pl\/wp-content\/uploads\/2024\/01\/Classic-motors-logo-header.png","width":1280,"height":720,"caption":"classicmotors.pl"},"image":{"@id":"https:\/\/classicmotors.pl\/#\/schema\/logo\/image\/"}}]}},"_links":{"self":[{"href":"https:\/\/classicmotors.pl\/en\/wp-json\/wp\/v2\/product\/1137","targetHints":{"allow":["GET"]}}],"collection":[{"href":"https:\/\/classicmotors.pl\/en\/wp-json\/wp\/v2\/product"}],"about":[{"href":"https:\/\/classicmotors.pl\/en\/wp-json\/wp\/v2\/types\/product"}],"replies":[{"embeddable":true,"href":"https:\/\/classicmotors.pl\/en\/wp-json\/wp\/v2\/comments?post=1137"}],"version-history":[{"count":0,"href":"https:\/\/classicmotors.pl\/en\/wp-json\/wp\/v2\/product\/1137\/revisions"}],"wp:featuredmedia":[{"embeddable":true,"href":"https:\/\/classicmotors.pl\/en\/wp-json\/wp\/v2\/media\/1147"}],"wp:attachment":[{"href":"https:\/\/classicmotors.pl\/en\/wp-json\/wp\/v2\/media?parent=1137"}],"wp:term":[{"taxonomy":"product_brand","embeddable":true,"href":"https:\/\/classicmotors.pl\/en\/wp-json\/wp\/v2\/product_brand?post=1137"},{"taxonomy":"product_cat","embeddable":true,"href":"https:\/\/classicmotors.pl\/en\/wp-json\/wp\/v2\/product_cat?post=1137"},{"taxonomy":"product_tag","embeddable":true,"href":"https:\/\/classicmotors.pl\/en\/wp-json\/wp\/v2\/product_tag?post=1137"}],"curies":[{"name":"wp","href":"https:\/\/api.w.org\/{rel}","templated":true}]}}